{"id":850,"date":"2024-10-03T13:34:05","date_gmt":"2024-10-03T13:34:05","guid":{"rendered":"https:\/\/chesterboots.pt\/b2b\/creer-un-compte\/"},"modified":"2025-03-31T08:40:11","modified_gmt":"2025-03-31T08:40:11","slug":"creer-un-compte","status":"publish","type":"page","link":"https:\/\/b2b.chesterboots.pt\/fr\/creer-un-compte\/","title":{"rendered":"Cr\u00e9er un compte"},"content":{"rendered":"\t\t<div data-elementor-type=\"wp-page\" data-elementor-id=\"850\" class=\"elementor elementor-850 elementor-116\" data-elementor-post-type=\"page\">\n\t\t\t\t<div class=\"elementor-element elementor-element-3949776 jedv-enabled--yes e-flex e-con-boxed e-con e-parent\" data-id=\"3949776\" data-element_type=\"container\" data-e-type=\"container\" data-settings=\"{&quot;jet_parallax_layout_list&quot;:[],&quot;background_background&quot;:&quot;classic&quot;}\">\n\t\t\t\t\t<div class=\"e-con-inner\">\n\t\t<div class=\"elementor-element elementor-element-e465263 e-con-full e-flex e-con e-child\" data-id=\"e465263\" data-element_type=\"container\" data-e-type=\"container\" data-settings=\"{&quot;jet_parallax_layout_list&quot;:[]}\">\n\t\t<div class=\"elementor-element elementor-element-430a8af e-con-full e-flex e-con e-child\" data-id=\"430a8af\" data-element_type=\"container\" data-e-type=\"container\" data-settings=\"{&quot;background_background&quot;:&quot;classic&quot;,&quot;jet_parallax_layout_list&quot;:[]}\">\n\t\t\t\t<div class=\"elementor-element elementor-element-6a58517 elementor-widget elementor-widget-heading\" data-id=\"6a58517\" data-element_type=\"widget\" data-e-type=\"widget\" data-widget_type=\"heading.default\">\n\t\t\t\t<div class=\"elementor-widget-container\">\n\t\t\t\t\t<h2 class=\"elementor-heading-title elementor-size-default\">Instructions<\/h2>\t\t\t\t<\/div>\n\t\t\t\t<\/div>\n\t\t\t\t<div class=\"elementor-element elementor-element-2a291b1 elementor-widget-divider--view-line elementor-widget elementor-widget-divider\" data-id=\"2a291b1\" data-element_type=\"widget\" data-e-type=\"widget\" data-widget_type=\"divider.default\">\n\t\t\t\t<div class=\"elementor-widget-container\">\n\t\t\t\t\t\t\t<div class=\"elementor-divider\">\n\t\t\t<span class=\"elementor-divider-separator\">\n\t\t\t\t\t\t<\/span>\n\t\t<\/div>\n\t\t\t\t\t\t<\/div>\n\t\t\t\t<\/div>\n\t\t\t\t<div class=\"elementor-element elementor-element-5621b8f elementor-widget elementor-widget-text-editor\" data-id=\"5621b8f\" data-element_type=\"widget\" data-e-type=\"widget\" data-widget_type=\"text-editor.default\">\n\t\t\t\t<div class=\"elementor-widget-container\">\n\t\t\t\t\t\t\t\t\t<p><strong>\u00c9TAPE 1\u00a0:<\/strong> Cr\u00e9er un compte.<\/p>\n\t\t\t\t\t\t\t\t<\/div>\n\t\t\t\t<\/div>\n\t\t\t\t<div class=\"elementor-element elementor-element-129ad39 elementor-widget elementor-widget-text-editor\" data-id=\"129ad39\" data-element_type=\"widget\" data-e-type=\"widget\" data-widget_type=\"text-editor.default\">\n\t\t\t\t<div class=\"elementor-widget-container\">\n\t\t\t\t\t\t\t\t\t<p><strong>\u00c9TAPE 2\u00a0:<\/strong> Apr\u00e8s avoir cr\u00e9\u00e9 votre compte, vous serez connect\u00e9 pour compl\u00e9ter l&rsquo;\u00c9TAPE 3.<\/p>\n\t\t\t\t\t\t\t\t<\/div>\n\t\t\t\t<\/div>\n\t\t\t\t<div class=\"elementor-element elementor-element-c0bbffd elementor-widget elementor-widget-text-editor\" data-id=\"c0bbffd\" data-element_type=\"widget\" data-e-type=\"widget\" data-widget_type=\"text-editor.default\">\n\t\t\t\t<div class=\"elementor-widget-container\">\n\t\t\t\t\t\t\t\t\t<p><strong>\u00c9TAPE 3\u00a0:<\/strong> Pour finaliser votre inscription et nous permettre de valider votre compte, veuillez fournir vos informations personnelles et celles de votre entreprise.<\/p>\n\t\t\t\t\t\t\t\t<\/div>\n\t\t\t\t<\/div>\n\t\t\t\t<div class=\"elementor-element elementor-element-e46ae94 elementor-widget-divider--view-line elementor-widget elementor-widget-divider\" data-id=\"e46ae94\" data-element_type=\"widget\" data-e-type=\"widget\" data-widget_type=\"divider.default\">\n\t\t\t\t<div class=\"elementor-widget-container\">\n\t\t\t\t\t\t\t<div class=\"elementor-divider\">\n\t\t\t<span class=\"elementor-divider-separator\">\n\t\t\t\t\t\t<\/span>\n\t\t<\/div>\n\t\t\t\t\t\t<\/div>\n\t\t\t\t<\/div>\n\t\t\t\t<div class=\"elementor-element elementor-element-078ee76 elementor-widget elementor-widget-text-editor\" data-id=\"078ee76\" data-element_type=\"widget\" data-e-type=\"widget\" data-widget_type=\"text-editor.default\">\n\t\t\t\t<div class=\"elementor-widget-container\">\n\t\t\t\t\t\t\t\t\t<p>Une fois votre compte valid\u00e9, son statut passera de <strong><span style=\"color: #ff0000;\">Inactive<\/span><\/strong> \u00e0 <strong><span style=\"color: #009203;\">Active.<\/span><\/strong><\/p>\n\t\t\t\t\t\t\t\t<\/div>\n\t\t\t\t<\/div>\n\t\t\t\t<\/div>\n\t\t\t\t<div class=\"elementor-element elementor-element-114c60f elementor-widget__width-initial elementor-widget elementor-widget-jet-register\" data-id=\"114c60f\" data-element_type=\"widget\" data-e-type=\"widget\" data-widget_type=\"jet-register.default\">\n\t\t\t\t<div class=\"elementor-widget-container\">\n\t\t\t\t\t<div class=\"elementor-jet-register jet-blocks\"><form method=\"post\" class=\"jet-register\">\n\n\t<p class=\"jet-register__row\">\n\t\t<label class=\"jet-register__label\" for=\"jet_username\">Username<\/label>\n\t\t<input type=\"text\" class=\"jet-register__input\" name=\"username\" id=\"jet_username\" value=\"\" placeholder=\"Username\"\/>\n\t<\/p>\n\n\t<p class=\"jet-register__row\">\n\t\t<label  class=\"jet-register__label\"  for=\"jet_email\">Email<\/label>\n\t\t<input type=\"email\" class=\"jet-register__input\" name=\"email\" id=\"jet_email\" value=\"\" placeholder=\"Email\"\/>\n\t<\/p>\n\n\t<p class=\"jet-register__row\">\n\t\t<label  class=\"jet-register__label\" for=\"jet_password\">Password<\/label>\n\t\t<span class=\"jet-register__wrapper\">\n\t\t\t<input type=\"password\" class=\"jet-register__input \" name=\"password\" id=\"jet_password\" placeholder=\"Password\"\/>\n\n\t\t\t<svg xmlns=\"http:\/\/www.w3.org\/2000\/svg\" aria-hidden=\"true\" class=\"e-font-icon-svg e-far-eye password-visibility__icon password-visibility__icon--show show\" viewBox=\"0 0 576 512\">\n\t\t\t\t<path d=\"M288 144a110.94 110.94 0 0 0-31.24 5 55.4 55.4 0 0 1 7.24 27 56 56 0 0 1-56 56 55.4 55.4 0 0 1-27-7.24A111.71 111.71 0 1 0 288 144zm284.52 97.4C518.29 135.59 410.93 64 288 64S57.68 135.64 3.48 241.41a32.35 32.35 0 0 0 0 29.19C57.71 376.41 165.07 448 288 448s230.32-71.64 284.52-177.41a32.35 32.35 0 0 0 0-29.19zM288 400c-98.65 0-189.09-55-237.93-144C98.91 167 189.34 112 288 112s189.09 55 237.93 144C477.1 345 386.66 400 288 400z\"><\/path>\n\t\t\t<\/svg>\n\t\t\t<svg xmlns=\"http:\/\/www.w3.org\/2000\/svg\" aria-hidden=\"true\" class=\"e-font-icon-svg e-far-eye-slash password-visibility__icon password-visibility__icon--hide\" viewBox=\"0 0 640 512\">\n\t\t\t\t<path d=\"M634 471L36 3.51A16 16 0 0 0 13.51 6l-10 12.49A16 16 0 0 0 6 41l598 467.49a16 16 0 0 0 22.49-2.49l10-12.49A16 16 0 0 0 634 471zM296.79 146.47l134.79 105.38C429.36 191.91 380.48 144 320 144a112.26 112.26 0 0 0-23.21 2.47zm46.42 219.07L208.42 260.16C210.65 320.09 259.53 368 320 368a113 113 0 0 0 23.21-2.46zM320 112c98.65 0 189.09 55 237.93 144a285.53 285.53 0 0 1-44 60.2l37.74 29.5a333.7 333.7 0 0 0 52.9-75.11 32.35 32.35 0 0 0 0-29.19C550.29 135.59 442.93 64 320 64c-36.7 0-71.71 7-104.63 18.81l46.41 36.29c18.94-4.3 38.34-7.1 58.22-7.1zm0 288c-98.65 0-189.08-55-237.93-144a285.47 285.47 0 0 1 44.05-60.19l-37.74-29.5a333.6 333.6 0 0 0-52.89 75.1 32.35 32.35 0 0 0 0 29.19C89.72 376.41 197.08 448 320 448c36.7 0 71.71-7.05 104.63-18.81l-46.41-36.28C359.28 397.2 339.89 400 320 400z\"><\/path>\n\t\t\t<\/svg>\n\n\t\t<\/span>\n\t<\/p>\n\n\t\n\t\t<p class=\"jet-register__row\">\n\t\t\t<label  class=\"jet-register__label\" for=\"jet_password_confirm\">Please Confirm Password<\/label>\n\t\t\t<input type=\"password\" class=\"jet-register__input\" name=\"password-confirm\" id=\"jet_password_confirm\" placeholder=\"Confirm Password\"\/>\n\t\t\t<input type=\"hidden\" name=\"jet_confirm_password\" value=\"true\">\t\t<\/p>\n\n\t\n\t\n\t\n\t<div class=\"jet-register__row jet-privacy-policy\">\n\t\t<input type=\"checkbox\" value=\"jet_privacy_policy_checkbox\" class=\"jet-register__input\" name=\"privacy-policy\" id=\"jet_privacy_policy\" required=\"required\" \/>\n\t\t<label class=\"jet-register__label\" for=\"jet_privacy_policy\">I agree with the privacy policy<\/label>\n\t<\/div>\n\n\t\n\t\n\t<p class=\"jet-register__row jet-register-submit\">\n\t\t<input type=\"hidden\" id=\"jet-register-nonce\" name=\"jet-register-nonce\" value=\"c0632ff599\" \/><input type=\"hidden\" name=\"_wp_http_referer\" value=\"\/fr\/wp-json\/wp\/v2\/pages\/850\" \/><input type=\"hidden\" name=\"jet_redirect\" value=\"\/fr\/compte\/\">\t\t<button type=\"submit\" class=\"jet-register__submit button\" name=\"register\">Register<\/button>\n\t<\/p>\n\n<\/form>\n<\/div>\t\t\t\t<\/div>\n\t\t\t\t<\/div>\n\t\t\t\t<\/div>\n\t\t\t\t\t<\/div>\n\t\t\t\t<\/div>\n\t\t\t\t<\/div>\n\t\t","protected":false},"excerpt":{"rendered":"<p>Instructions \u00c9TAPE 1\u00a0: Cr\u00e9er un compte. \u00c9TAPE 2\u00a0: Apr\u00e8s avoir cr\u00e9\u00e9 votre compte, vous serez connect\u00e9 pour compl\u00e9ter l&rsquo;\u00c9TAPE 3. \u00c9TAPE 3\u00a0: Pour finaliser votre inscription et nous permettre de valider votre compte, veuillez fournir vos informations personnelles et celles de votre entreprise. Une fois votre compte valid\u00e9, son statut passera de Inactive \u00e0 Active. [&hellip;]<\/p>\n","protected":false},"author":1,"featured_media":0,"parent":0,"menu_order":0,"comment_status":"closed","ping_status":"closed","template":"","meta":{"footnotes":""},"class_list":["post-850","page","type-page","status-publish","hentry"],"_links":{"self":[{"href":"https:\/\/b2b.chesterboots.pt\/fr\/wp-json\/wp\/v2\/pages\/850","targetHints":{"allow":["GET"]}}],"collection":[{"href":"https:\/\/b2b.chesterboots.pt\/fr\/wp-json\/wp\/v2\/pages"}],"about":[{"href":"https:\/\/b2b.chesterboots.pt\/fr\/wp-json\/wp\/v2\/types\/page"}],"author":[{"embeddable":true,"href":"https:\/\/b2b.chesterboots.pt\/fr\/wp-json\/wp\/v2\/users\/1"}],"replies":[{"embeddable":true,"href":"https:\/\/b2b.chesterboots.pt\/fr\/wp-json\/wp\/v2\/comments?post=850"}],"version-history":[{"count":13,"href":"https:\/\/b2b.chesterboots.pt\/fr\/wp-json\/wp\/v2\/pages\/850\/revisions"}],"predecessor-version":[{"id":1741,"href":"https:\/\/b2b.chesterboots.pt\/fr\/wp-json\/wp\/v2\/pages\/850\/revisions\/1741"}],"wp:attachment":[{"href":"https:\/\/b2b.chesterboots.pt\/fr\/wp-json\/wp\/v2\/media?parent=850"}],"curies":[{"name":"wp","href":"https:\/\/api.w.org\/{rel}","templated":true}]}}